{"id":47,"date":"2022-01-04T01:27:25","date_gmt":"2022-01-04T01:27:25","guid":{"rendered":"https:\/\/el3.thembaydev.com\/maia\/?post_type=product&#038;p=47"},"modified":"2023-11-29T12:11:16","modified_gmt":"2023-11-29T11:11:16","slug":"parfum-solaire","status":"publish","type":"product","link":"https:\/\/chiyakastore.com\/index.php\/product\/parfum-solaire\/","title":{"rendered":"Parfum solaire de voiture, aromath\u00e9rapie \u00e0 rotation interstellaire cr\u00e9ative, d\u00e9corations de voiture personnalis\u00e9es cr\u00e9atives, air frs,"},"content":{"rendered":"\t\t<div data-elementor-type=\"wp-post\" data-elementor-id=\"47\" class=\"elementor elementor-47\">\n\t\t\t\t\t\t\t\t\t<section class=\"elementor-section elementor-top-section elementor-element elementor-element-2d1c6db elementor-section-boxed elementor-section-height-default elementor-section-height-default\" data-id=\"2d1c6db\" data-element_type=\"section\">\n\t\t\t\t\t\t<div class=\"elementor-container elementor-column-gap-no\">\n\t\t\t\t\t<div class=\"elementor-column elementor-col-100 elementor-top-column elementor-element elementor-element-add6f60\" data-id=\"add6f60\" data-element_type=\"column\">\n\t\t\t<div class=\"elementor-widget-wrap elementor-element-populated\">\n\t\t\t\t\t\t\t\t<div class=\"elementor-element elementor-element-15ca632 elementor-widget elementor-widget-text-editor\" data-id=\"15ca632\" data-element_type=\"widget\" data-widget_type=\"text-editor.default\">\n\t\t\t\t<div class=\"elementor-widget-container\">\n\t\t\t<style>\/*! elementor - v3.17.0 - 08-11-2023 *\/\n.elementor-widget-text-editor.elementor-drop-cap-view-stacked .elementor-drop-cap{background-color:#69727d;color:#fff}.elementor-widget-text-editor.elementor-drop-cap-view-framed .elementor-drop-cap{color:#69727d;border:3px solid;background-color:transparent}.elementor-widget-text-editor:not(.elementor-drop-cap-view-default) .elementor-drop-cap{margin-top:8px}.elementor-widget-text-editor:not(.elementor-drop-cap-view-default) .elementor-drop-cap-letter{width:1em;height:1em}.elementor-widget-text-editor .elementor-drop-cap{float:left;text-align:center;line-height:1;font-size:50px}.elementor-widget-text-editor .elementor-drop-cap-letter{display:inline-block}<\/style>\t\t\t\t<p>Caract\u00e9ristiques:<br \/>Utilisez votre huile essentielle pr\u00e9f\u00e9r\u00e9e pour profiter de votre quotidien, de votre voyage.<br \/>Surface lisse et longue dur\u00e9e de vie, soulagez votre stress et restez alerte lorsque vous conduisez.<br \/>Ar\u00f4me autour de vous, vous apporte de la bonne humeur, minimise certaines odeurs que vous n&#8217;aimez pas.<br \/>Un d\u00e9sodorisant pratique et simple pour votre voiture, petit espace, belle d\u00e9coration, peut \u00e9galement \u00eatre utilis\u00e9 \u00e0 la maison ou au bureau.<\/p><p>Sp\u00e9cification:<br \/>Type: aromath\u00e9rapie automobile<br \/>Mat\u00e9riel: Alliage de zinc<br \/>Caract\u00e9ristiques : aromath\u00e9rapie de voiture, sortie de climatisation, diffuseur d&#8217;huiles essentielles, d\u00e9coration int\u00e9rieure d&#8217;automobile.<br \/>Dimension: environ 6&#215;6 cm\/2,36&#215;2,36 pouces<br \/>Couleur : noir + rouge, dor\u00e9, rouge + noir, argent (facultatif).<\/p>\t\t\t\t\t\t<\/div>\n\t\t\t\t<\/div>\n\t\t\t\t<section class=\"elementor-section elementor-inner-section elementor-element elementor-element-bfc9f80 elementor-section-boxed elementor-section-height-default elementor-section-height-default\" data-id=\"bfc9f80\" data-element_type=\"section\">\n\t\t\t\t\t\t<div class=\"elementor-container elementor-column-gap-no\">\n\t\t\t\t\t<div class=\"elementor-column elementor-col-50 elementor-inner-column elementor-element elementor-element-a1a1fa1\" data-id=\"a1a1fa1\" data-element_type=\"column\">\n\t\t\t<div class=\"elementor-widget-wrap elementor-element-populated\">\n\t\t\t\t\t\t\t\t<div class=\"elementor-element elementor-element-305ff65 elementor-widget elementor-widget-image\" data-id=\"305ff65\" data-element_type=\"widget\" data-widget_type=\"image.default\">\n\t\t\t\t<div class=\"elementor-widget-container\">\n\t\t\t<style>\/*! elementor - v3.17.0 - 08-11-2023 *\/\n.elementor-widget-image{text-align:center}.elementor-widget-image a{display:inline-block}.elementor-widget-image a img[src$=\".svg\"]{width:48px}.elementor-widget-image img{vertical-align:middle;display:inline-block}<\/style>\t\t\t\t\t\t\t\t\t\t\t\t<img fetchpriority=\"high\" decoding=\"async\" width=\"1001\" height=\"1001\" src=\"https:\/\/chiyakastore.com\/wp-content\/uploads\/2022\/01\/s-l1600.jpg\" class=\"attachment-full size-full wp-image-3702\" alt=\"\" \/>\t\t\t\t\t\t\t\t\t\t\t\t\t\t\t<\/div>\n\t\t\t\t<\/div>\n\t\t\t\t\t<\/div>\n\t\t<\/div>\n\t\t\t\t<div class=\"elementor-column elementor-col-50 elementor-inner-column elementor-element elementor-element-09fadb3\" data-id=\"09fadb3\" data-element_type=\"column\">\n\t\t\t<div class=\"elementor-widget-wrap elementor-element-populated\">\n\t\t\t\t\t\t\t\t<div class=\"elementor-element elementor-element-ac8de12 elementor-widget elementor-widget-image\" data-id=\"ac8de12\" data-element_type=\"widget\" data-widget_type=\"image.default\">\n\t\t\t\t<div class=\"elementor-widget-container\">\n\t\t\t\t\t\t\t\t\t\t\t\t\t\t\t<img decoding=\"async\" width=\"1024\" height=\"1024\" src=\"https:\/\/chiyakastore.com\/wp-content\/uploads\/2022\/01\/Kwaks-Car-Air-Freshener.jpg\" class=\"attachment-full size-full wp-image-3704\" alt=\"\" \/>\t\t\t\t\t\t\t\t\t\t\t\t\t\t\t<\/div>\n\t\t\t\t<\/div>\n\t\t\t\t\t<\/div>\n\t\t<\/div>\n\t\t\t\t\t\t\t<\/div>\n\t\t<\/section>\n\t\t\t\t\t<\/div>\n\t\t<\/div>\n\t\t\t\t\t\t\t<\/div>\n\t\t<\/section>\n\t\t\t\t\t\t\t<\/div>\n\t\t","protected":false},"excerpt":{"rendered":"<p>Nouveau parfum de voiture solaire, aromath\u00e9rapie \u00e0 rotation interstellaire cr\u00e9ative, d\u00e9corations de voiture personnalis\u00e9es cr\u00e9atives<\/p>\n","protected":false},"featured_media":3702,"comment_status":"open","ping_status":"closed","template":"","meta":[],"product_cat":[97],"product_tag":[36,48,49],"class_list":["post-47","product","type-product","status-publish","has-post-thumbnail","hentry","product_cat-cadeaux-personnalises","product_tag-accessories","product_tag-jewelry","product_tag-men"],"_links":{"self":[{"href":"https:\/\/chiyakastore.com\/index.php\/wp-json\/wp\/v2\/product\/47"}],"collection":[{"href":"https:\/\/chiyakastore.com\/index.php\/wp-json\/wp\/v2\/product"}],"about":[{"href":"https:\/\/chiyakastore.com\/index.php\/wp-json\/wp\/v2\/types\/product"}],"replies":[{"embeddable":true,"href":"https:\/\/chiyakastore.com\/index.php\/wp-json\/wp\/v2\/comments?post=47"}],"version-history":[{"count":8,"href":"https:\/\/chiyakastore.com\/index.php\/wp-json\/wp\/v2\/product\/47\/revisions"}],"predecessor-version":[{"id":3710,"href":"https:\/\/chiyakastore.com\/index.php\/wp-json\/wp\/v2\/product\/47\/revisions\/3710"}],"wp:featuredmedia":[{"embeddable":true,"href":"https:\/\/chiyakastore.com\/index.php\/wp-json\/wp\/v2\/media\/3702"}],"wp:attachment":[{"href":"https:\/\/chiyakastore.com\/index.php\/wp-json\/wp\/v2\/media?parent=47"}],"wp:term":[{"taxonomy":"product_cat","embeddable":true,"href":"https:\/\/chiyakastore.com\/index.php\/wp-json\/wp\/v2\/product_cat?post=47"},{"taxonomy":"product_tag","embeddable":true,"href":"https:\/\/chiyakastore.com\/index.php\/wp-json\/wp\/v2\/product_tag?post=47"}],"curies":[{"name":"wp","href":"https:\/\/api.w.org\/{rel}","templated":true}]}}